{"id":1122,"date":"2016-02-04T23:55:11","date_gmt":"2016-02-04T22:55:11","guid":{"rendered":"http:\/\/www.kriesi.at\/themes\/enfold\/?page_id=1122"},"modified":"2024-05-16T18:12:20","modified_gmt":"2024-05-16T16:12:20","slug":"pages","status":"publish","type":"page","link":"https:\/\/www.duocomp.de\/index.php\/pages\/","title":{"rendered":"Unternehmen"},"content":{"rendered":"<div id='layer_slider_1'  class='avia-layerslider main_color avia-shadow  avia-builder-el-0  el_before_av_heading  avia-builder-el-first  container_wrap fullsize'  style='height: 151px;'  ><\/div><div id='after_layer_slider_1'  class='main_color av_default_container_wrap container_wrap fullsize'  ><div class='container av-section-cont-open' ><div class='template-page content  av-content-full alpha units'><div class='post-entry post-entry-type-page post-entry-1122'><div class='entry-content-wrapper clearfix'>\n\n<style type=\"text\/css\" data-created_by=\"avia_inline_auto\" id=\"style-css-av-ird2xe-7146b8e954cdf9edbf44860d881d8e25\">\n#top .av-special-heading.av-ird2xe-7146b8e954cdf9edbf44860d881d8e25{\npadding-bottom:10px;\n}\nbody .av-special-heading.av-ird2xe-7146b8e954cdf9edbf44860d881d8e25 .av-special-heading-tag .heading-char{\nfont-size:25px;\n}\n.av-special-heading.av-ird2xe-7146b8e954cdf9edbf44860d881d8e25 .av-subheading{\nfont-size:10px;\n}\n<\/style>\n<div  class='av-special-heading av-ird2xe-7146b8e954cdf9edbf44860d881d8e25 av-special-heading-h3  avia-builder-el-1  el_after_av_layerslider  el_before_av_textblock  avia-builder-el-first '><h3 class='av-special-heading-tag'  itemprop=\"headline\"  >Willkommen bei DUOCOMP IT-L\u00f6sungen<\/h3><div class=\"special-heading-border\"><div class=\"special-heading-inner-border\"><\/div><\/div><\/div>\n<section  class='av_textblock_section av-gs6a4i-fe5ad82d667a6c76b4688eb3bb913d20 '   itemscope=\"itemscope\" itemtype=\"https:\/\/schema.org\/CreativeWork\" ><div class='avia_textblock'  itemprop=\"text\" ><p><span class='av_dropcap2 av-av_dropcap2-21c86f7a1fbddaa06b9d9923710e6bba'>Wir<\/span> bieten unseren Kunden im gesamten deutschsprachigen Raum seit 1992 einen ganzheitlichen Dienstleistungsansatz rund um die Unternehmens-IT.<\/p>\n<p>Mit unseren unternehmerischen Aktivit\u00e4ten strebten wir seitdem in erster Linie ein gesundes, qualitatives Wachstum an.<\/p>\n<p>Unsere Schwerpunkte sind die unabh\u00e4ngige Beratung, Konzeption und Umsetzung von individuellen und investitionssicheren IT-L\u00f6sungen f\u00fcr anspruchsvolle Unternehmen aus einer Hand.<\/p>\n<p>Dabei profitieren unsere Kunden durch die langj\u00e4hrigen, partnerschaftlichen und vertrauensvolle Beziehungen zu namhaften Herstellern der IT-Branche.<\/p>\n<blockquote>\n<p>Die Zufriedenheit unserer Kunden spricht f\u00fcr uns\u2026<\/p>\n<\/blockquote>\n<p>Entdecken Sie, wie wir Ihr Unternehmen durch innovative IT-L\u00f6sungen voranbringen k\u00f6nnen. Wir freuen uns darauf, mit Ihnen zusammenzuarbeiten!<\/p>\n<\/div><\/section>\n\n<style type=\"text\/css\" data-created_by=\"avia_inline_auto\" id=\"style-css-av-f22k0i-dacfcdc1a1534cecea887f34457e8515\">\n#top .hr.hr-invisible.av-f22k0i-dacfcdc1a1534cecea887f34457e8515{\nheight:30px;\n}\n<\/style>\n<div  class='hr av-f22k0i-dacfcdc1a1534cecea887f34457e8515 hr-invisible  avia-builder-el-3  el_after_av_textblock  el_before_av_heading '><span class='hr-inner '><span class=\"hr-inner-style\"><\/span><\/span><\/div>\n\n<style type=\"text\/css\" data-created_by=\"avia_inline_auto\" id=\"style-css-av-ep50r6-045b39b545f2aceb24fd765c3dd4151e\">\n#top .av-special-heading.av-ep50r6-045b39b545f2aceb24fd765c3dd4151e{\npadding-bottom:10px;\n}\nbody .av-special-heading.av-ep50r6-045b39b545f2aceb24fd765c3dd4151e .av-special-heading-tag .heading-char{\nfont-size:25px;\n}\n.av-special-heading.av-ep50r6-045b39b545f2aceb24fd765c3dd4151e .av-subheading{\nfont-size:10px;\n}\n<\/style>\n<div  class='av-special-heading av-ep50r6-045b39b545f2aceb24fd765c3dd4151e av-special-heading-h3 meta-heading  avia-builder-el-4  el_after_av_hr  el_before_av_progress '><h3 class='av-special-heading-tag'  itemprop=\"headline\"  >Unsere Kern-Kompetenzen<\/h3><div class=\"special-heading-border\"><div class=\"special-heading-inner-border\"><\/div><\/div><\/div>\n\n<style type=\"text\/css\" data-created_by=\"avia_inline_auto\" id=\"style-css-sub-av-c9o0k2-b6b62f03ded6eae1839464eb9a7de389\">\n#top .avia-progress-bar-container .avia-progress-bar.av-a6cgte-f891f3e2ebece33e1639daef9c2e5e4c .bar{\nwidth:100%;\n}\n#top .avia-progress-bar-container .avia-progress-bar.av-9o5gki-5d35c07aed92588fad67f9556db2ca49 .bar{\nwidth:100%;\nbackground-image: linear-gradient( -45deg, #EDAE44 25%, #FFCF66 25%, #FFCF66 50%, #EDAE44 50%, #EDAE44 75%, #FFCF66 75%, #FFCF66 );\nbackground-image: linear-gradient( -45deg, #EDAE44 25%, #FFCF66 25%, #FFCF66 50%, #EDAE44 50%, #EDAE44 75%, #FFCF66 75%, #FFCF66 );\nbackground-color:#EDAE44;\n}\n#top .avia-progress-bar-container .avia-progress-bar.av-86e0n6-385716dc369859068a0881a37f00d8b9 .bar{\nwidth:100%;\nbackground-image: linear-gradient( -45deg, #96C8FB 25%, #74a6d9 25%, #74a6d9 50%, #96C8FB 50%, #96C8FB 75%, #74a6d9 75%, #74a6d9 );\nbackground-image: linear-gradient( -45deg, #96C8FB 25%, #74a6d9 25%, #74a6d9 50%, #96C8FB 50%, #96C8FB 75%, #74a6d9 75%, #74a6d9 );\nbackground-color:#96C8FB;\n}\n#top .avia-progress-bar-container .avia-progress-bar.av-5aib0i-7662f37b40d6f818eb5a86864ad33285 .bar{\nwidth:90%;\nbackground-image: linear-gradient( -45deg, #A5CA68 25%, #83a846 25%, #83a846 50%, #A5CA68 50%, #A5CA68 75%, #83a846 75%, #83a846 );\nbackground-image: linear-gradient( -45deg, #A5CA68 25%, #83a846 25%, #83a846 50%, #A5CA68 50%, #A5CA68 75%, #83a846 75%, #83a846 );\nbackground-color:#A5CA68;\n}\n#top .avia-progress-bar-container .avia-progress-bar.av-cik02-6d47271f7b47a13c83944c91ea8a34dd .bar{\nwidth:90%;\nbackground-image: linear-gradient( -45deg, #745F7E 25%, #967F9F 25%, #967F9F 50%, #745F7E 50%, #745F7E 75%, #967F9F 75%, #967F9F );\nbackground-image: linear-gradient( -45deg, #745F7E 25%, #967F9F 25%, #967F9F 50%, #745F7E 50%, #745F7E 75%, #967F9F 75%, #967F9F );\nbackground-color:#745F7E;\n}\n<\/style>\n<div  class='avia-progress-bar-container av-c9o0k2-b6b62f03ded6eae1839464eb9a7de389 av-striped-bar av-animated-bar avia_animate_when_almost_visible  avia-builder-el-5  el_after_av_heading  el_before_av_hr '><div class='avia-progress-bar av-a6cgte-f891f3e2ebece33e1639daef9c2e5e4c icon-bar-no theme-color-bar theme-color-bar icon-bar-no'><div class=\"progressbar-title-wrap\"><div class='progressbar-icon'><span class='progressbar-char' aria-hidden='true' data-av_icon='' data-av_iconfont='entypo-fontello'><\/span><\/div><div class='progressbar-title'>Aufbau und Wartung von Microsoft basierten Netzwerken<\/div><\/div><div class=\"progress\"><div class=\"bar-outer\"><div class='bar' data-progress='100'><\/div><\/div><\/div><\/div><div class='avia-progress-bar av-9o5gki-5d35c07aed92588fad67f9556db2ca49 icon-bar-no orange-bar icon-bar-no'><div class=\"progressbar-title-wrap\"><div class='progressbar-icon'><span class='progressbar-char' aria-hidden='true' data-av_icon='\ue800' data-av_iconfont='entypo-fontello'><\/span><\/div><div class='progressbar-title'>Terminalserver unter Microsoft und Citrix<\/div><\/div><div class=\"progress\"><div class=\"bar-outer\"><div class='bar' data-progress='100'><\/div><\/div><\/div><\/div><div class='avia-progress-bar av-86e0n6-385716dc369859068a0881a37f00d8b9 icon-bar-no blue-bar icon-bar-no'><div class=\"progressbar-title-wrap\"><div class='progressbar-icon'><span class='progressbar-char' aria-hidden='true' data-av_icon='\ue800' data-av_iconfont='entypo-fontello'><\/span><\/div><div class='progressbar-title'>Arbeitsplatz-L\u00f6sungen f\u00fcr Roadwarrior oder Home-Offices<\/div><\/div><div class=\"progress\"><div class=\"bar-outer\"><div class='bar' data-progress='100'><\/div><\/div><\/div><\/div><div class='avia-progress-bar av-5aib0i-7662f37b40d6f818eb5a86864ad33285 icon-bar-no green-bar icon-bar-no'><div class=\"progressbar-title-wrap\"><div class='progressbar-icon'><span class='progressbar-char' aria-hidden='true' data-av_icon='\ue800' data-av_iconfont='entypo-fontello'><\/span><\/div><div class='progressbar-title'>Firewall und VPN-L\u00f6sungen<\/div><\/div><div class=\"progress\"><div class=\"bar-outer\"><div class='bar' data-progress='90'><\/div><\/div><\/div><\/div><div class='avia-progress-bar av-cik02-6d47271f7b47a13c83944c91ea8a34dd icon-bar-no purple-bar icon-bar-no'><div class=\"progressbar-title-wrap\"><div class='progressbar-icon'><span class='progressbar-char' aria-hidden='true' data-av_icon='\ue800' data-av_iconfont='entypo-fontello'><\/span><\/div><div class='progressbar-title'>Linux (Web-, Mail-, SQL-Server)<\/div><\/div><div class=\"progress\"><div class=\"bar-outer\"><div class='bar' data-progress='90'><\/div><\/div><\/div><\/div><\/div>\n<div  class='hr av-2somz6-5760b1cb63203dc225f336c86ddd37af hr-default  avia-builder-el-6  el_after_av_progress  avia-builder-el-last '><span class='hr-inner '><span class=\"hr-inner-style\"><\/span><\/span><\/div>\n","protected":false},"excerpt":{"rendered":"","protected":false},"author":1,"featured_media":0,"parent":0,"menu_order":6,"comment_status":"open","ping_status":"open","template":"","meta":{"footnotes":""},"class_list":["post-1122","page","type-page","status-publish","hentry"],"_links":{"self":[{"href":"https:\/\/www.duocomp.de\/index.php\/wp-json\/wp\/v2\/pages\/1122","targetHints":{"allow":["GET"]}}],"collection":[{"href":"https:\/\/www.duocomp.de\/index.php\/wp-json\/wp\/v2\/pages"}],"about":[{"href":"https:\/\/www.duocomp.de\/index.php\/wp-json\/wp\/v2\/types\/page"}],"author":[{"embeddable":true,"href":"https:\/\/www.duocomp.de\/index.php\/wp-json\/wp\/v2\/users\/1"}],"replies":[{"embeddable":true,"href":"https:\/\/www.duocomp.de\/index.php\/wp-json\/wp\/v2\/comments?post=1122"}],"version-history":[{"count":10,"href":"https:\/\/www.duocomp.de\/index.php\/wp-json\/wp\/v2\/pages\/1122\/revisions"}],"predecessor-version":[{"id":3667,"href":"https:\/\/www.duocomp.de\/index.php\/wp-json\/wp\/v2\/pages\/1122\/revisions\/3667"}],"wp:attachment":[{"href":"https:\/\/www.duocomp.de\/index.php\/wp-json\/wp\/v2\/media?parent=1122"}],"curies":[{"name":"wp","href":"https:\/\/api.w.org\/{rel}","templated":true}]}}