{"id":3247,"date":"2016-01-17T19:57:43","date_gmt":"2016-01-17T18:57:43","guid":{"rendered":"http:\/\/zep.duocomp.de\/dc\/?page_id=3247"},"modified":"2024-05-16T18:16:53","modified_gmt":"2024-05-16T16:16:53","slug":"impressum","status":"publish","type":"page","link":"https:\/\/www.duocomp.de\/index.php\/pages\/impressum\/","title":{"rendered":"Impressum"},"content":{"rendered":"\n<style type=\"text\/css\" data-created_by=\"avia_inline_auto\" id=\"style-css-av-7i5pyn-666a7b15bd5fb7b793714c9c7c5ceb6f\">\n.flex_column.av-7i5pyn-666a7b15bd5fb7b793714c9c7c5ceb6f{\nborder-radius:0px 0px 0px 0px;\npadding:0px 0px 0px 0px;\n}\n<\/style>\n<div  class='flex_column av-7i5pyn-666a7b15bd5fb7b793714c9c7c5ceb6f av_one_half  avia-builder-el-0  el_before_av_one_half  avia-builder-el-first  first flex_column_div av-zero-column-padding  '     ><section  class='av_textblock_section av-5k903z-754ad53bfb0f63ca1629cb3dbf65b706 '   itemscope=\"itemscope\" itemtype=\"https:\/\/schema.org\/CreativeWork\" ><div class='avia_textblock'  itemprop=\"text\" ><p><strong>Anschrift:<\/strong><\/p>\n<p>DUOCOMP GmbH IT-L\u00f6sungen<br \/>\nBuchenberger Str. 14<br \/>\n87448 Waltenhofen-Lanzen<br \/>\nGermany<\/p>\n<p>Tel.: +49 (8303) 92970-0<br \/>\nFax : +49 (8303) 92970-50<\/p>\n<p>E-Mail: <a href=\"mailto:info@duocomp.de\"><span style=\"color: #5f7b2d;\">info@duocomp.de<\/span><\/a><\/p>\n<p>Gesch\u00e4ftsf\u00fchrer: G\u00fcnter Habereder<\/p>\n<p>Handelsregister-Nummer: HRB 7460 (Amtsgericht Kempten)<br \/>\nUmsatzsteuer-Identifikationsummer: DE214431833<\/p>\n<\/div><\/section><\/div>\n<style type=\"text\/css\" data-created_by=\"avia_inline_auto\" id=\"style-css-av-fs21b-adb8d044ac6b18c42dcbdbdddfb23e09\">\n.flex_column.av-fs21b-adb8d044ac6b18c42dcbdbdddfb23e09{\nborder-radius:0px 0px 0px 0px;\npadding:0px 0px 0px 0px;\n}\n<\/style>\n<div  class='flex_column av-fs21b-adb8d044ac6b18c42dcbdbdddfb23e09 av_one_half  avia-builder-el-2  el_after_av_one_half  avia-builder-el-last  flex_column_div av-zero-column-padding  '     ><section  class='av_textblock_section av-2iqj3j-813b1cfef9ba80f4ec6d43e6984c16de '   itemscope=\"itemscope\" itemtype=\"https:\/\/schema.org\/CreativeWork\" ><div class='avia_textblock'  itemprop=\"text\" ><p><strong>Haftungsausschluss:<\/strong><\/p>\n<p>1. Inhalt<\/p>\n<p>DUOCOMP GmbH \u00fcbernimmt f\u00fcr die Aktualit\u00e4t, Korrektheit, Vollst\u00e4ndigkeit oder Qualit\u00e4t der bereitgestellten Informationen keine Gew\u00e4hr. Haftungsanspr\u00fcche welche sich auf Sch\u00e4den materieller oder ideeller Art beziehen, die durch die Nutzung oder Nichtnutzung der dargebotenen Informationen bzw. durch die Nutzung fehlerhafter und unvollst\u00e4ndiger Informationen verursacht wurden, sind grunds\u00e4tzlich ausgeschlossen.<\/p>\n<p>2. Verweise und Links<\/p>\n<p>Trotz sorgf\u00e4ltiger inhaltlicher Kontrolle \u00fcbernehmen wir keine Haftung f\u00fcr die Inhalte externer Links. F\u00fcr den Inhalt der verlinkten Seiten sind ausschlie\u00dflich deren Betreiber verantwortlich.<\/p>\n<p>3. Datenschutz<\/p>\n<p>Personenbezogene Daten werden nur dann erhoben, wenn sie uns von Ihnen ausdr\u00fccklich \u00fcberlassen werden. Diese Daten werden nur zu dem \u00fcberlassenen Zweck genutzt. Eine Weitergabe oder Verkauf an Dritte erfolgt nicht.<\/p>\n<\/div><\/section><\/div><\/p>\n","protected":false},"excerpt":{"rendered":"","protected":false},"author":1,"featured_media":0,"parent":1122,"menu_order":7,"comment_status":"closed","ping_status":"closed","template":"","meta":{"footnotes":""},"class_list":["post-3247","page","type-page","status-publish","hentry"],"_links":{"self":[{"href":"https:\/\/www.duocomp.de\/index.php\/wp-json\/wp\/v2\/pages\/3247","targetHints":{"allow":["GET"]}}],"collection":[{"href":"https:\/\/www.duocomp.de\/index.php\/wp-json\/wp\/v2\/pages"}],"about":[{"href":"https:\/\/www.duocomp.de\/index.php\/wp-json\/wp\/v2\/types\/page"}],"author":[{"embeddable":true,"href":"https:\/\/www.duocomp.de\/index.php\/wp-json\/wp\/v2\/users\/1"}],"replies":[{"embeddable":true,"href":"https:\/\/www.duocomp.de\/index.php\/wp-json\/wp\/v2\/comments?post=3247"}],"version-history":[{"count":4,"href":"https:\/\/www.duocomp.de\/index.php\/wp-json\/wp\/v2\/pages\/3247\/revisions"}],"predecessor-version":[{"id":3715,"href":"https:\/\/www.duocomp.de\/index.php\/wp-json\/wp\/v2\/pages\/3247\/revisions\/3715"}],"up":[{"embeddable":true,"href":"https:\/\/www.duocomp.de\/index.php\/wp-json\/wp\/v2\/pages\/1122"}],"wp:attachment":[{"href":"https:\/\/www.duocomp.de\/index.php\/wp-json\/wp\/v2\/media?parent=3247"}],"curies":[{"name":"wp","href":"https:\/\/api.w.org\/{rel}","templated":true}]}}