{"id":3328,"date":"2016-02-07T17:30:32","date_gmt":"2016-02-07T16:30:32","guid":{"rendered":"http:\/\/zep.duocomp.de\/dc\/?page_id=3328"},"modified":"2024-05-16T18:16:11","modified_gmt":"2024-05-16T16:16:11","slug":"datenschutz","status":"publish","type":"page","link":"https:\/\/www.duocomp.de\/index.php\/pages\/datenschutz\/","title":{"rendered":"Datenschutz"},"content":{"rendered":"<p>Wir respektieren Ihre Privatsph\u00e4re.<\/p>\n<p>Diese Datenschutzerkl\u00e4rung erkl\u00e4rt Ihnen, wie wir mit personenbezogenen Daten umgehen, z.B. wie wir diese erheben, welche Arten von personenbezogenen Daten wir erheben und wie wir diese verwenden.<\/p>\n<p><u>1. Welche personenbezogenen Daten wir erheben<\/u><\/p>\n<p>Grunds\u00e4tzlich k\u00f6nnen Sie die einzelnen Seiten dieser Website besuchen, ohne uns Informationen \u00fcber sich selbst zur Verf\u00fcgung stellen zu m\u00fcssen. In bestimmten F\u00e4llen setzen wir aber die Eingabe personenbezogener Daten voraus, wobei Sie nicht verpflichtet sind, uns Ihre personenbezogenen Daten zur Verf\u00fcgung zu stellen. Ihre Angaben sind freiwillig.<\/p>\n<p>Die Erhebung der personenbezogenen Daten erfolgt \u00fcber Eingabefelder in den entsprechenden Bereichen der Website und kann folgende Informationen umfassen: Name, Postadresse, E-Mail-Adresse, Telefonnummer, Alter.<\/p>\n<p>Dar\u00fcber hinaus erfassen wir auch Rechnungsangaben, wie z.B. Angaben zur Kreditkarte und Rechnungsadresse. Zur Klarstellung m\u00f6chten wir darauf hinweisen, dass keine \u201ebesonderen Arten personenbezogener Daten\u201c (wie im Bundesdatenschutzgesetz definiert) \u00fcber die Website erhoben werden.<\/p>\n<p><u>2. Warum wir personenbezogene Daten erheben<\/u><\/p>\n<p>Die Erhebung, Verarbeitung und Nutzung Ihrer personenbezogenen Daten erfolgt f\u00fcr verschiedene Zwecke, z.B.:<\/p>\n<ul>\n<li>um Ihre Bestellungen von Waren oder Dienstleistungen zu bearbeiten und unseren Kundendienst zu erbringen;<\/li>\n<li>um Ihre Bed\u00fcrfnisse besser zu verstehen und unsere Produkte und Dienstleistungen f\u00fcr Sie zu verbessern;<\/li>\n<li>um Produktumfragen durchzuf\u00fchren; und<\/li>\n<li>um Sie \u00fcber unseren neuesten Produkte, Dienstleistungen oder Angebote zu informieren (sofern Sie dem Erhalt dieser Informationen zugestimmt haben (siehe unten in Abschnitt 9)).<\/li>\n<\/ul>\n<p><u>3. Anonyme Informationen<\/u><\/p>\n<p>Wenn Sie auf unsere Website zugreifen ist es auch m\u00f6glich, dass wir technische Informationen, durch die Sie aber nicht identifiziert werden k\u00f6nnen, automatisch erheben.<\/p>\n<p>Diese Informationen k\u00f6nnen beispielsweise den Domainnamen der Website, von der Sie auf unsere Website gelangt sind, umfassen. Wir erheben diese Daten, um die pers\u00f6nlichen Neigungen der Nutzer beim Surfen durch das Internet zu ermitteln.<\/p>\n<p>Diese Informationen werden nur f\u00fcr interne Zwecke verwendet, um Demographie, Verhalten und Interessen der Nutzer der Website untersuchen zu k\u00f6nnen. Bei anonymen oder allgemeinen Informationen, durch die Sie nicht identifiziert werden k\u00f6nnen, handelt es sich nicht um personenbezogene Daten, so dass solche Informationen nicht von dieser Datenschutzerkl\u00e4rung umfasst sind.<\/p>\n<p><u>4. \u00dcbermittlung personenbezogener Daten an Dritte<\/u><\/p>\n<p>Wir werden Ihre personenbezogenen Daten ohne Ihre Einwilligung nur in folgenden F\u00e4llen an Dritte \u00fcbermitteln:<\/p>\n<ul>\n<li>sofern die \u00dcbermittlung der personenbezogenen Daten &#8211; gem\u00e4\u00df EU-Datenschutzrichtlinien &#8211; zur Wahrung unserer berechtigten Interessen erforderlich ist und kein Grund zu der Annahme besteht, dass Ihr schutzw\u00fcrdiges Interesse am Ausschluss der Verarbeitung oder Nutzung \u00fcberwiegt; oder<\/li>\n<\/ul>\n<ul>\n<li>sofern die \u00dcbermittlung der personenbezogenen Daten gesetzlich oder beh\u00f6rdlich angeordnet wird oder Strafverfolgungsbeh\u00f6rden eine solche \u00dcbermittlung verlangen.<\/li>\n<\/ul>\n<ul>\n<li>Sofern wir personenbezogene Daten an Dritte \u00fcbermitteln, damit diese in unserem Namen Dienstleistungen erbringen k\u00f6nnen, versuchen wir sicherzustellen, dass sie diese Datenschutzerkl\u00e4rung sowie geltendes Datenschutzrecht einhalten.<\/li>\n<\/ul>\n<p><u>\u00a05. Sicherheit der erhobenen personenbezogenen Daten<\/u><\/p>\n<p>Wir werden s\u00e4mtliche Ma\u00dfnahmen treffen, um Ihre personenbezogenen Daten vor unberechtigtem Zugriff, unberechtigter Verwendung und Ver\u00e4nderung sowie ungesetzlicher Zerst\u00f6rung angemessen zu sch\u00fctzen.<\/p>\n<p>Wir beschr\u00e4nken den Zugang zu personenbezogenen Daten, so dass nur diejenigen Angestellten Zugang zu Ihren personenbezogenen Daten haben, deren Kenntnis zur Erf\u00fcllung der in Ziffer 2 aufgef\u00fchrten Zwecke erforderlich ist.<\/p>\n<p><u>6. Cookies<\/u><\/p>\n<p>Wenn Sie die Website besuchen, ist es m\u00f6glich, dass ein Session-Cookie auf Ihrem Computer gespeichert wird. Bei solchen Cookies handelt es sich um kleine Datenpakete, die auf der Festplatte Ihres Computers abgelegt werden, wenn Sie auf eine Webseite zugreifen.<\/p>\n<p>Durch den Einsatz von Cookies k\u00f6nnen wir ermitteln, auf welche Seiten Besucher zugreifen und wie viel Zeit sie auf diesen Seiten verbringen, was uns dabei hilft, die beliebtesten Teile der Website zu ermitteln. Durch Auswertung dieser Daten sind wir besser in der Lage, die Website an Kundenanforderungen und Ihre Bed\u00fcrfnisse anzupassen.<\/p>\n<p>Die Cookies erkennen auch, ob ein Benutzer die Website schon fr\u00fcher besucht hat, so dass die Informationen im Cookie beim n\u00e4chsten Zugriff des Benutzers auf die Website zur\u00fcckgesendet werden. Dadurch k\u00f6nnen die dargestellten Informationen je nach Neigung des Nutzers unterschiedlich sein. Mehr \u00fcber diese Funktionen k\u00f6nnen Sie in der Anleitung oder den Hilfeseiten Ihres Browsers erfahren.<\/p>\n<p>Sie k\u00f6nnen Ihren Browser so einstellen, dass dieser alle Cookies akzeptiert, alle Cookies abweist oder Sie informiert, wenn ein Cookie gesendet wird. Da jeder Browser unterschiedlich ist, sollten Sie das Hilfe-Men\u00fc Ihres Browsers aufrufen, um zu erfahren, wie Sie die Voreinstellungen zum Umgang mit Cookies \u00e4ndern k\u00f6nnen.<\/p>\n<p>Die Website ist darauf ausgelegt Cookies zu benutzen, so dass die Deaktivierung der Cookie-Funktion die Benutzbarkeit der Website einschr\u00e4nken kann.<\/p>\n<p><u>7. Zugang zu Ihren personenbezogenen Daten <\/u><\/p>\n<p>Wenn Sie die personenbezogenen Daten, die wir von Ihnen erhoben haben, einsehen, \u00e4ndern oder auf den neuesten Stand bringen wollen, oder wenn Sie eine L\u00f6schung Ihrer personenbezogenen Daten verlangen, k\u00f6nnen Sie uns eine E-Mail unter der in Ziffer 12 aufgef\u00fchrten E-Mail-Adresse zusenden. Wir werden Ihre personenbezogenen Daten nicht l\u00e4nger aufbewahren als dies f\u00fcr die in dieser Datenschutzerkl\u00e4rung beschriebenen Zwecke erforderlich ist.<\/p>\n<p><u>8. Minderj\u00e4hrige<\/u><\/p>\n<p>Wir empfehlen Eltern, Ihre Kinder zum sicheren und verantwortungsbewussten Umgang mit ihren personenbezogenen Daten im Internet anzuhalten. Au\u00dferdem werden wir Minderj\u00e4hrige nicht in Kenntnis ihrer Minderj\u00e4hrigkeit um Angabe ihrer personenbezogenen Daten bitten.<\/p>\n<p><u>9. Newsletter<\/u><\/p>\n<p>Sofern Sie uns Ihr Einverst\u00e4ndnis zur Versendung unseres Newsletters gegeben haben, dieses Einverst\u00e4ndnis aber widerrufen wollen, k\u00f6nnen Sie<\/p>\n<ul>\n<li>\u00a0bei E-Mails dem \u201eAbmelden\u201c-Link oder den Anweisungen folgen, die normalerweise am Ende der E-Mail zu finden sind.<\/li>\n<\/ul>\n<ul>\n<li>Sofern Sie von uns E-Mails an verschiedene E-Mail-Adressen erhalten, m\u00fcssen Sie jede E-Mail-Adresse abmelden;<\/li>\n<\/ul>\n<ul>\n<li>oder\u00a0sich von jeder Art des Direktmarketings dadurch abmelden, dass Sie eine E-Mail mit entsprechendem Inhalt an <u>info@duocomp.de <\/u>senden.<\/li>\n<\/ul>\n<ul>\n<li>Sofern Sie keine Werbung mehr w\u00fcnschen, werden Ihre personenbezogenen Daten baldm\u00f6glichst aus unserer Datenbank entfernt.<\/li>\n<\/ul>\n<p><u>10. \u00c4nderung<\/u><\/p>\n<p>Wir k\u00f6nnen unsere Datenschutzerkl\u00e4rung jederzeit auch ohne Ank\u00fcndigung \u00e4ndern.<\/p>\n<p><u>11. Links auf andere Websites <\/u><\/p>\n<p>Diese Website enth\u00e4lt Links auf andere Websites, die nicht von DUOCOMP GmbH IT-L\u00f6sungen betrieben werden. Obwohl wir versuchen sicherzustellen, dass unsere Links nur auf Websites Dritter verweisen, die Ihre personenbezogenen Daten ebenso sorgf\u00e4ltig behandeln wie wir, k\u00f6nnen wir f\u00fcr Drittinhalte keine Verantwortung \u00fcbernehmen und schlie\u00dfen hiermit jegliche Haftung f\u00fcr die Datenschutz- und Datensicherheitseinrichtungen der verlinkten Websites aus.<\/p>\n<p><u>12. Kontaktinformation<\/u><\/p>\n<p>Bei Fragen zu unserer Datenschutzerkl\u00e4rung oder zu Ihren personenbezogenen Daten k\u00f6nnen Sie sich an uns \u00fcber die E-Mail-Adresse <u>info@duocomp.de <\/u>wenden.<\/p>\n","protected":false},"excerpt":{"rendered":"<p>Wir respektieren Ihre Privatsph\u00e4re. Diese Datenschutzerkl\u00e4rung erkl\u00e4rt Ihnen, wie wir mit personenbezogenen Daten umgehen, z.B. wie wir diese erheben, welche Arten von personenbezogenen Daten wir erheben und wie wir diese verwenden. 1. Welche personenbezogenen Daten wir erheben Grunds\u00e4tzlich k\u00f6nnen Sie die einzelnen Seiten dieser Website besuchen, ohne uns Informationen \u00fcber sich selbst zur Verf\u00fcgung stellen [&hellip;]<\/p>\n","protected":false},"author":1,"featured_media":0,"parent":1122,"menu_order":1,"comment_status":"closed","ping_status":"closed","template":"","meta":{"footnotes":""},"class_list":["post-3328","page","type-page","status-publish","hentry"],"_links":{"self":[{"href":"https:\/\/www.duocomp.de\/index.php\/wp-json\/wp\/v2\/pages\/3328","targetHints":{"allow":["GET"]}}],"collection":[{"href":"https:\/\/www.duocomp.de\/index.php\/wp-json\/wp\/v2\/pages"}],"about":[{"href":"https:\/\/www.duocomp.de\/index.php\/wp-json\/wp\/v2\/types\/page"}],"author":[{"embeddable":true,"href":"https:\/\/www.duocomp.de\/index.php\/wp-json\/wp\/v2\/users\/1"}],"replies":[{"embeddable":true,"href":"https:\/\/www.duocomp.de\/index.php\/wp-json\/wp\/v2\/comments?post=3328"}],"version-history":[{"count":1,"href":"https:\/\/www.duocomp.de\/index.php\/wp-json\/wp\/v2\/pages\/3328\/revisions"}],"predecessor-version":[{"id":3329,"href":"https:\/\/www.duocomp.de\/index.php\/wp-json\/wp\/v2\/pages\/3328\/revisions\/3329"}],"up":[{"embeddable":true,"href":"https:\/\/www.duocomp.de\/index.php\/wp-json\/wp\/v2\/pages\/1122"}],"wp:attachment":[{"href":"https:\/\/www.duocomp.de\/index.php\/wp-json\/wp\/v2\/media?parent=3328"}],"curies":[{"name":"wp","href":"https:\/\/api.w.org\/{rel}","templated":true}]}}